{"id":2187,"date":"2025-07-10T19:28:03","date_gmt":"2025-07-10T19:28:03","guid":{"rendered":"https:\/\/diegomendeztorres.com\/?page_id=2187"},"modified":"2025-07-10T23:11:47","modified_gmt":"2025-07-10T23:11:47","slug":"acerca-de","status":"publish","type":"page","link":"https:\/\/diegomendeztorres.com\/index.php\/es\/acerca-de\/","title":{"rendered":"Acerca de"},"content":{"rendered":"\t\t<div data-elementor-type=\"wp-page\" data-elementor-id=\"2187\" class=\"elementor elementor-2187\">\n\t\t\t\t<div class=\"elementor-element elementor-element-5205dc3 e-flex e-con-boxed e-con e-parent\" data-id=\"5205dc3\" data-element_type=\"container\">\n\t\t\t\t\t<div class=\"e-con-inner\">\n\t\t\t\t<div class=\"elementor-element elementor-element-ed5f56b elementor-widget elementor-widget-slider_revolution\" data-id=\"ed5f56b\" data-element_type=\"widget\" data-widget_type=\"slider_revolution.default\">\n\t\t\t\t<div class=\"elementor-widget-container\">\n\t\t\t\t\t\n\t\t<div class=\"wp-block-themepunch-revslider\">\n\t\t\t<!-- START Acerca de REVOLUTION SLIDER 6.5.7 --><p class=\"rs-p-wp-fix\"><\/p>\n\t\t\t<rs-module-wrap id=\"rev_slider_15_1_wrapper\" data-source=\"gallery\" style=\"visibility:hidden;background:#ffffff;padding:0;margin:0px auto;margin-top:0;margin-bottom:0;\">\n\t\t\t\t<rs-module id=\"rev_slider_15_1\" style=\"\" data-version=\"6.5.7\">\n\t\t\t\t\t<rs-slides>\n\t\t\t\t\t\t<rs-slide style=\"position: absolute;\" data-key=\"rs-20\" data-title=\"Slide\" data-in=\"o:0;\" data-out=\"x:100%;\" data-mediafilter=\"gingham\">\n\t\t\t\t\t\t\t<img fetchpriority=\"high\" decoding=\"async\" src=\"\/\/diegomendeztorres.com\/wp-content\/plugins\/revslider\/public\/assets\/assets\/dummy.png\" title=\"diego-mendeztorres-slider-3\" width=\"2048\" height=\"1365\" class=\"rev-slidebg tp-rs-img rs-lazyload\" data-lazyload=\"\/\/diegomendeztorres.com\/wp-content\/uploads\/2025\/08\/diego-mendeztorres-slider-3.jpeg\" data-parallax=\"3\" data-no-retina>\n<!--\n\t\t\t\t\t\t\t--><rs-layer\n\t\t\t\t\t\t\t\tid=\"slider-15-slide-20-layer-1\" \n\t\t\t\t\t\t\t\tdata-type=\"text\"\n\t\t\t\t\t\t\t\tdata-tsh=\"c:rgba(0,0,0,0.4);h:5px;v:5px;b:4px;\"\n\t\t\t\t\t\t\t\tdata-xy=\"x:c;xo:9px,-5px,11px,2px;y:m;yo:239px,124px,151px,236px;\"\n\t\t\t\t\t\t\t\tdata-text=\"w:nowrap,nowrap,nowrap,normal;s:75,70,65,45;l:94,94,94,44;ls:-7px,-6px,-3px,-1px;a:center;\"\n\t\t\t\t\t\t\t\tdata-dim=\"w:592.625px,auto,auto,382px;\"\n\t\t\t\t\t\t\t\tdata-rsp_bd=\"off\"\n\t\t\t\t\t\t\t\tdata-frame_0=\"y:50px;\"\n\t\t\t\t\t\t\t\tdata-frame_1=\"e:power1.out;st:300;sp:500;sR:300;\"\n\t\t\t\t\t\t\t\tdata-frame_999=\"o:0;e:power1.out;st:w;sR:2700;\"\n\t\t\t\t\t\t\t\tstyle=\"z-index:8;font-family:'horizon';text-transform:uppercase;\"\n\t\t\t\t\t\t\t>Acerca de<br \/>DIEGO \n\t\t\t\t\t\t\t<\/rs-layer><!--\n-->\t\t\t\t\t\t<\/rs-slide>\n\t\t\t\t\t<\/rs-slides>\n\t\t\t\t<\/rs-module>\n\t\t\t\t<script type=\"text\/javascript\">\n\t\t\t\t\tsetREVStartSize({c: 'rev_slider_15_1',rl:[1240,1024,778,480],el:[922,500,584,720],gw:[1200,1100,1025,480],gh:[922,500,584,720],type:'standard',justify:'',layout:'fullwidth',mh:\"0\"});if (window.RS_MODULES!==undefined && window.RS_MODULES.modules!==undefined && window.RS_MODULES.modules[\"revslider151\"]!==undefined) {window.RS_MODULES.modules[\"revslider151\"].once = false;window.revapi15 = undefined;if (window.RS_MODULES.checkMinimal!==undefined) window.RS_MODULES.checkMinimal()}\n\t\t\t\t<\/script>\n\t\t\t<\/rs-module-wrap>\n\t\t\t<!-- END REVOLUTION SLIDER -->\n<\/div>\n\n\t\t\t\t\t\t<\/div>\n\t\t\t\t<\/div>\n\t\t\t\t\t<\/div>\n\t\t\t\t<\/div>\n\t\t\t\t<section class=\"elementor-section elementor-top-section elementor-element elementor-element-10a5499 elementor-section-full_width elementor-section-height-default elementor-section-height-default parallax_section_no qode_elementor_container_no\" data-id=\"10a5499\" data-element_type=\"section\" data-settings=\"{&quot;background_background&quot;:&quot;classic&quot;}\">\n\t\t\t\t\t\t<div class=\"elementor-container elementor-column-gap-default\">\n\t\t\t\t\t<div class=\"elementor-column elementor-col-50 elementor-top-column elementor-element elementor-element-dfb4920\" data-id=\"dfb4920\" data-element_type=\"column\" data-settings=\"{&quot;background_background&quot;:&quot;classic&quot;}\">\n\t\t\t<div class=\"elementor-widget-wrap elementor-element-populated\">\n\t\t\t\t\t\t<div class=\"elementor-element elementor-element-4de85ba elementor-widget__width-initial elementor-widget elementor-widget-qi_addons_for_elementor_section_title\" data-id=\"4de85ba\" data-element_type=\"widget\" data-widget_type=\"qi_addons_for_elementor_section_title.default\">\n\t\t\t\t<div class=\"elementor-widget-container\">\n\t\t\t\t\t<div class=\"qodef-shortcode qodef-m qodef-qi-section-title qodef-decoration--italic qodef-link--underline-draw qodef-subtitle-icon--left\">\n\t\t\t\t\t\t<h2 class=\"qodef-m-title\">\n\t\tACERCA DE DIEGO MENDEZTORRES\t<\/h2>\n\t\t\t<div class=\"qodef-m-text\"><p>Diego Mendeztorres es un <strong>piloto profesional de 17 a\u00f1os<\/strong> originario de la Ciudad de M\u00e9xico, en M\u00e9xico, conocido por su <strong>talento innato, su empuje incansable y su s\u00f3lida moral<\/strong>, tanto dentro como fuera de la pista. Comenz\u00f3 su carrera en el mundo del karting a los 13 a\u00f1os, ascendiendo r\u00e1pidamente en las categor\u00edas X30 Jr y KZ2. Con m\u00e1s de <strong>12 victorias, m\u00faltiples t\u00edtulos de campeonato<\/strong> \u2014incluyendo FIA Reto Telmex y ProKart M\u00e9xico\u2014 y actuaciones destacadas en pistas de primer nivel como el Kart\u00f3dromo Bosque Real y el Kart\u00f3dromo Guadalajara, Diego se ha consolidado como uno de los <strong>mejores pilotos j\u00f3venes de Latinoam\u00e9rica.<\/strong><\/p><\/div>\n\t\t<div class=\"qodef-m-button qodef-qi-clear\">\n\t\t<a class=\"qodef-shortcode qodef-m qodef-qi-button qodef-html--link qodef-layout--filled qodef-type--standard qodef-size--small qodef-hover--reveal qodef--reveal-horizontal qodef-icon--right qodef-hover--icon-move-horizontal-short\" href=\"https:\/\/diegomendeztorres.com\/index.php\/schedule\/\" target=\"_self\">\t<span class=\"qodef-m-text\">VER CALENDARIO<\/span>\t<\/a>\t<\/div>\n<\/div>\n\t\t\t\t<\/div>\n\t\t\t\t<\/div>\n\t\t\t\t<div class=\"elementor-element elementor-element-9c7620c elementor-widget elementor-widget-image\" data-id=\"9c7620c\" data-element_type=\"widget\" data-widget_type=\"image.default\">\n\t\t\t\t<div class=\"elementor-widget-container\">\n\t\t\t\t\t\t\t\t\t\t\t\t\t\t\t<img decoding=\"async\" width=\"817\" height=\"759\" src=\"https:\/\/diegomendeztorres.com\/wp-content\/uploads\/2025\/06\/diego-mendeztorres-race-car-driver-2-2.png\" class=\"attachment-large size-large wp-image-1579\" alt=\"\" srcset=\"https:\/\/diegomendeztorres.com\/wp-content\/uploads\/2025\/06\/diego-mendeztorres-race-car-driver-2-2.png 817w, https:\/\/diegomendeztorres.com\/wp-content\/uploads\/2025\/06\/diego-mendeztorres-race-car-driver-2-2-300x279.png 300w, https:\/\/diegomendeztorres.com\/wp-content\/uploads\/2025\/06\/diego-mendeztorres-race-car-driver-2-2-768x713.png 768w, https:\/\/diegomendeztorres.com\/wp-content\/uploads\/2025\/06\/diego-mendeztorres-race-car-driver-2-2-700x650.png 700w\" sizes=\"(max-width: 817px) 100vw, 817px\" \/>\t\t\t\t\t\t\t\t\t\t\t\t\t\t\t<\/div>\n\t\t\t\t<\/div>\n\t\t\t\t<div class=\"elementor-element elementor-element-f2a136c elementor-widget elementor-widget-spacer\" data-id=\"f2a136c\" data-element_type=\"widget\" data-widget_type=\"spacer.default\">\n\t\t\t\t<div class=\"elementor-widget-container\">\n\t\t\t\t\t\t\t<div class=\"elementor-spacer\">\n\t\t\t<div class=\"elementor-spacer-inner\"><\/div>\n\t\t<\/div>\n\t\t\t\t\t\t<\/div>\n\t\t\t\t<\/div>\n\t\t\t\t<div class=\"elementor-element elementor-element-39d4670 elementor-widget elementor-widget-spacer\" data-id=\"39d4670\" data-element_type=\"widget\" data-widget_type=\"spacer.default\">\n\t\t\t\t<div class=\"elementor-widget-container\">\n\t\t\t\t\t\t\t<div class=\"elementor-spacer\">\n\t\t\t<div class=\"elementor-spacer-inner\"><\/div>\n\t\t<\/div>\n\t\t\t\t\t\t<\/div>\n\t\t\t\t<\/div>\n\t\t\t\t<div class=\"elementor-element elementor-element-4633bc6 elementor-widget__width-initial elementor-widget elementor-widget-qi_addons_for_elementor_section_title\" data-id=\"4633bc6\" data-element_type=\"widget\" data-widget_type=\"qi_addons_for_elementor_section_title.default\">\n\t\t\t\t<div class=\"elementor-widget-container\">\n\t\t\t\t\t<div class=\"qodef-shortcode qodef-m qodef-qi-section-title qodef-decoration--italic qodef-link--underline-draw qodef-subtitle-icon--left\">\n\t\t\t\t\t\t<h2 class=\"qodef-m-title\">\n\t\tambici\u00f3n, humildad y coraz\u00f3n\t<\/h2>\n\t\t\t<div class=\"qodef-m-text\"><p>En 2024, debut\u00f3 en Estados Unidos en la LEGENDS CAR Series con 860 Motorsports, <strong>obteniendo dos segundos puestos<\/strong>, ocho top 10 en tan solo 10 participaciones y una pole position en el prestigioso Cookout Summer Shootout. A pesar de ser nuevo en las carreras de \u00f3valos, Diego <strong>demostr\u00f3 su adaptabilidad y destreza<\/strong> <strong>con un r\u00e1pido aprendizaje y un rendimiento audaz.<\/strong> Tambi\u00e9n particip\u00f3 en la Trucks Mexico Series, donde sus participaciones a tiempo parcial le dieron resultados impresionantes, terminando 5.\u00ba y 12.\u00ba en sus dos \u00fanicas carreras, superando los resultados habituales del equipo.<br \/>La trayectoria de Diego no se trata solo de velocidad; est\u00e1 profundamente arraigado en su <strong>fe cat\u00f3lica y comprometido con la solidaridad<\/strong>. Colabora regularmente como voluntario con la <strong>Fundaci\u00f3n \"Cocinando Sonrisas\"<\/strong>, donde asesora a ni\u00f1os y los anima a creer en s\u00ed mismos y en sus sue\u00f1os.<\/p><p>Actualmente, cursa estudios superiores mientras compite en Estados Unidos y M\u00e9xico, Diego representa el equilibrio perfecto entre <strong>ambici\u00f3n, humildad y coraz\u00f3n.<\/strong> \u00c9l no s\u00f3lo corre por trofeos: <strong>corre con un prop\u00f3sito.<\/strong><\/p><\/div>\n\t\t<div class=\"qodef-m-button qodef-qi-clear\">\n\t\t<a class=\"qodef-shortcode qodef-m qodef-qi-button qodef-html--link qodef-layout--filled qodef-type--standard qodef-size--small qodef-hover--reveal qodef--reveal-horizontal qodef-icon--right qodef-hover--icon-move-horizontal-short\" href=\"https:\/\/diegomendeztorres.com\/index.php\/gallery\/\" target=\"_self\">\t<span class=\"qodef-m-text\">VER GALER\u00cdA<\/span>\t<\/a>\t<\/div>\n<\/div>\n\t\t\t\t<\/div>\n\t\t\t\t<\/div>\n\t\t\t\t\t<\/div>\n\t\t<\/div>\n\t\t\t\t<div class=\"elementor-column elementor-col-50 elementor-top-column elementor-element elementor-element-ee86889\" data-id=\"ee86889\" data-element_type=\"column\">\n\t\t\t<div class=\"elementor-widget-wrap elementor-element-populated\">\n\t\t\t\t\t\t<div class=\"elementor-element elementor-element-5384053 elementor-hidden-tablet elementor-hidden-phone elementor-widget elementor-widget-image\" data-id=\"5384053\" data-element_type=\"widget\" data-widget_type=\"image.default\">\n\t\t\t\t<div class=\"elementor-widget-container\">\n\t\t\t\t\t\t\t\t\t\t\t\t\t\t\t<img decoding=\"async\" width=\"1667\" height=\"2500\" src=\"https:\/\/diegomendeztorres.com\/wp-content\/uploads\/2025\/05\/diego-mendeztorres-race-car-driver-50.jpg\" class=\"attachment-full size-full wp-image-1479\" alt=\"\" srcset=\"https:\/\/diegomendeztorres.com\/wp-content\/uploads\/2025\/05\/diego-mendeztorres-race-car-driver-50.jpg 1667w, https:\/\/diegomendeztorres.com\/wp-content\/uploads\/2025\/05\/diego-mendeztorres-race-car-driver-50-200x300.jpg 200w, https:\/\/diegomendeztorres.com\/wp-content\/uploads\/2025\/05\/diego-mendeztorres-race-car-driver-50-683x1024.jpg 683w, https:\/\/diegomendeztorres.com\/wp-content\/uploads\/2025\/05\/diego-mendeztorres-race-car-driver-50-768x1152.jpg 768w, https:\/\/diegomendeztorres.com\/wp-content\/uploads\/2025\/05\/diego-mendeztorres-race-car-driver-50-1024x1536.jpg 1024w, https:\/\/diegomendeztorres.com\/wp-content\/uploads\/2025\/05\/diego-mendeztorres-race-car-driver-50-1366x2048.jpg 1366w, https:\/\/diegomendeztorres.com\/wp-content\/uploads\/2025\/05\/diego-mendeztorres-race-car-driver-50-700x1050.jpg 700w\" sizes=\"(max-width: 1667px) 100vw, 1667px\" \/>\t\t\t\t\t\t\t\t\t\t\t\t\t\t\t<\/div>\n\t\t\t\t<\/div>\n\t\t\t\t<div class=\"elementor-element elementor-element-2d26202 elementor-widget__width-initial elementor-widget elementor-widget-qi_addons_for_elementor_section_title\" data-id=\"2d26202\" data-element_type=\"widget\" data-widget_type=\"qi_addons_for_elementor_section_title.default\">\n\t\t\t\t<div class=\"elementor-widget-container\">\n\t\t\t\t\t<div class=\"qodef-shortcode qodef-m qodef-qi-section-title qodef-decoration--italic qodef-link--underline-draw qodef-subtitle-icon--left\">\n\t\t\t\t\t\t<h2 class=\"qodef-m-title\">\n\t\thistoria\t<\/h2>\n\t\t\t<div class=\"qodef-m-text\"><p>Finales de 2021: Primera vez en un Mini Swift Kart<br \/>2022: Podio en su primera carrera Mini Swift<br \/>2022: Debut en x30Jr<br \/>2022: Podio en X30Jr<br \/>2022: Primera carrera ganada en X30Jr<br \/>2023: Primera barrida limpia en su carrera<br \/>2023: Segunda barrida limpia en su carrera<br \/>2023: Tercera barrida limpia en su carrera<br \/>2023: Primera salida en x30Sr<br \/>2023: Cuarta barrida limpia en su carrera<br \/>2023: Quinta barrida limpia en su carrera<br \/>2023: Campe\u00f3n FIA Reto Telmex<br \/>2023: Campe\u00f3n ProKart M\u00e9xico<br \/>2023: Subcampe\u00f3n de F\u00f3rmula Karts<br \/>2023: Tercer lugar en el Campeonato Skusa M\u00e9xico<br \/>2024: Debut en Kz2\/ Shifter<br \/>2024: Finalista en Kz2\/ Shifter<br \/>2024: Debut en el U.S LEGEND CAR\u00a0<br \/>2024- Posici\u00f3n en la parrilla de salida de verano Cookout<br \/>2024- Mejor resultado de piloto internacional Cookout Summer Shootout<br \/>2024- Debut en la serie TRUCKS M\u00e9xico <br \/>2024- Primera prueba de modelos tard\u00edos<br \/>2025- Primera prueba de Micro Sprint-Winged<br \/>2025- Top 10 en la Speed \u200b\u200bWeek Southern National<\/p><\/div>\n\t\t<div class=\"qodef-m-button qodef-qi-clear\">\n\t\t<a class=\"qodef-shortcode qodef-m qodef-qi-button qodef-html--link qodef-layout--filled qodef-type--standard qodef-size--small qodef-hover--reveal qodef--reveal-horizontal qodef-icon--right qodef-hover--icon-move-horizontal-short\" href=\"https:\/\/diegomendeztorres.com\/index.php\/contact\/\" target=\"_self\">\t<span class=\"qodef-m-text\">CONTACTO<\/span>\t<\/a>\t<\/div>\n<\/div>\n\t\t\t\t<\/div>\n\t\t\t\t<\/div>\n\t\t\t\t\t<\/div>\n\t\t<\/div>\n\t\t\t\t\t<\/div>\n\t\t<\/section>\n\t\t\t\t<\/div>\n\t\t","protected":false},"excerpt":{"rendered":"<p>ACERCA DE DIEGO MENDEZTORRES Diego Mendeztorres es un piloto profesional de 17 a\u00f1os originario de la Ciudad de M\u00e9xico, en M\u00e9xico, conocido por su talento innato, su empuje incansable y su s\u00f3lida moral, tanto dentro como fuera de la pista. Comenz\u00f3 su carrera en el&#8230;<\/p>\n","protected":false},"author":1,"featured_media":1413,"parent":0,"menu_order":0,"comment_status":"closed","ping_status":"closed","template":"full_width.php","meta":{"footnotes":""},"class_list":["post-2187","page","type-page","status-publish","has-post-thumbnail","hentry"],"_links":{"self":[{"href":"https:\/\/diegomendeztorres.com\/index.php\/wp-json\/wp\/v2\/pages\/2187","targetHints":{"allow":["GET"]}}],"collection":[{"href":"https:\/\/diegomendeztorres.com\/index.php\/wp-json\/wp\/v2\/pages"}],"about":[{"href":"https:\/\/diegomendeztorres.com\/index.php\/wp-json\/wp\/v2\/types\/page"}],"author":[{"embeddable":true,"href":"https:\/\/diegomendeztorres.com\/index.php\/wp-json\/wp\/v2\/users\/1"}],"replies":[{"embeddable":true,"href":"https:\/\/diegomendeztorres.com\/index.php\/wp-json\/wp\/v2\/comments?post=2187"}],"version-history":[{"count":13,"href":"https:\/\/diegomendeztorres.com\/index.php\/wp-json\/wp\/v2\/pages\/2187\/revisions"}],"predecessor-version":[{"id":2215,"href":"https:\/\/diegomendeztorres.com\/index.php\/wp-json\/wp\/v2\/pages\/2187\/revisions\/2215"}],"wp:featuredmedia":[{"embeddable":true,"href":"https:\/\/diegomendeztorres.com\/index.php\/wp-json\/wp\/v2\/media\/1413"}],"wp:attachment":[{"href":"https:\/\/diegomendeztorres.com\/index.php\/wp-json\/wp\/v2\/media?parent=2187"}],"curies":[{"name":"wp","href":"https:\/\/api.w.org\/{rel}","templated":true}]}}